{"id":116,"date":"2016-12-31T18:12:15","date_gmt":"2016-12-31T17:12:15","guid":{"rendered":"http:\/\/creemoi.com\/?page_id=116"},"modified":"2019-07-23T23:54:36","modified_gmt":"2019-07-23T21:54:36","slug":"affiches-flyers","status":"publish","type":"page","link":"http:\/\/creemoi.com\/index.php\/affiches-flyers\/","title":{"rendered":"Nos cr\u00e9ations"},"content":{"rendered":"\n<p style=\"color:#f904a8\" class=\"has-text-color has-background has-very-light-gray-background-color\"><em>Afin de vous donner un aper\u00e7u de notre travail, nous vous proposons un \u00e9chantillon de nos r\u00e9alisations&#8230;<\/em><\/p>\n","protected":false},"excerpt":{"rendered":"<p>Afin de vous donner un aper\u00e7u de notre travail, nous vous proposons un \u00e9chantillon de&#8230;<\/p>\n<div class=\"more-link-wrapper\"><a class=\"more-link\" href=\"http:\/\/creemoi.com\/index.php\/affiches-flyers\/\">Read the post<span class=\"screen-reader-text\">Nos cr\u00e9ations<\/span><\/a><\/div>\n","protected":false},"author":1,"featured_media":0,"parent":0,"menu_order":3,"comment_status":"closed","ping_status":"closed","template":"templates\/full-width.php","meta":{"_acf_changed":false,"footnotes":""},"class_list":["post-116","page","type-page","status-publish","hentry","excerpt","zoom","full-without-featured","even","excerpt-0"],"acf":[],"_links":{"self":[{"href":"http:\/\/creemoi.com\/index.php\/wp-json\/wp\/v2\/pages\/116","targetHints":{"allow":["GET"]}}],"collection":[{"href":"http:\/\/creemoi.com\/index.php\/wp-json\/wp\/v2\/pages"}],"about":[{"href":"http:\/\/creemoi.com\/index.php\/wp-json\/wp\/v2\/types\/page"}],"author":[{"embeddable":true,"href":"http:\/\/creemoi.com\/index.php\/wp-json\/wp\/v2\/users\/1"}],"replies":[{"embeddable":true,"href":"http:\/\/creemoi.com\/index.php\/wp-json\/wp\/v2\/comments?post=116"}],"version-history":[{"count":25,"href":"http:\/\/creemoi.com\/index.php\/wp-json\/wp\/v2\/pages\/116\/revisions"}],"predecessor-version":[{"id":427,"href":"http:\/\/creemoi.com\/index.php\/wp-json\/wp\/v2\/pages\/116\/revisions\/427"}],"wp:attachment":[{"href":"http:\/\/creemoi.com\/index.php\/wp-json\/wp\/v2\/media?parent=116"}],"curies":[{"name":"wp","href":"https:\/\/api.w.org\/{rel}","templated":true}]}}