{"id":13,"date":"2016-09-26T16:22:35","date_gmt":"2016-09-26T14:22:35","guid":{"rendered":"http:\/\/creemoi.com\/?page_id=13"},"modified":"2019-07-23T23:55:33","modified_gmt":"2019-07-23T21:55:33","slug":"infographie","status":"publish","type":"page","link":"http:\/\/creemoi.com\/index.php\/infographie\/","title":{"rendered":"Infographie"},"content":{"rendered":"\n<p style=\"color:#f904a8;font-size:17px\" class=\"has-text-color has-background has-very-light-gray-background-color\"><em>Cr\u00e9&amp;moi\u00a0cr\u00e9e votre logo, vos cartes de visite, flyers, affiches, brochures, plaquettes publicitaires,&#8230; Un\u00a0partenariat avec d&rsquo;autres soci\u00e9t\u00e9s permet \u00e0 Cr\u00e9&amp;moi de vous proposer d&rsquo;autres services :\u00a0broderie, impression num\u00e9rique sur textile, sublimation d&rsquo;objets,\u00a0flocage, s\u00e9rigraphie,&#8230; N&rsquo;h\u00e9sitez pas \u00e0 contacter Cr\u00e9&amp;moi pour plus de renseignement. <\/em><\/p>\n","protected":false},"excerpt":{"rendered":"<p>Cr\u00e9&amp;moi\u00a0cr\u00e9e votre logo, vos cartes de visite, flyers, affiches, brochures, plaquettes publicitaires,&#8230; Un\u00a0partenariat avec d&rsquo;autres&#8230;<\/p>\n<div class=\"more-link-wrapper\"><a class=\"more-link\" href=\"http:\/\/creemoi.com\/index.php\/infographie\/\">Read the post<span class=\"screen-reader-text\">Infographie<\/span><\/a><\/div>\n","protected":false},"author":1,"featured_media":0,"parent":0,"menu_order":1,"comment_status":"closed","ping_status":"closed","template":"templates\/full-width.php","meta":{"_acf_changed":false,"footnotes":""},"class_list":["post-13","page","type-page","status-publish","hentry","excerpt","zoom","full-without-featured","even","excerpt-0"],"acf":[],"_links":{"self":[{"href":"http:\/\/creemoi.com\/index.php\/wp-json\/wp\/v2\/pages\/13","targetHints":{"allow":["GET"]}}],"collection":[{"href":"http:\/\/creemoi.com\/index.php\/wp-json\/wp\/v2\/pages"}],"about":[{"href":"http:\/\/creemoi.com\/index.php\/wp-json\/wp\/v2\/types\/page"}],"author":[{"embeddable":true,"href":"http:\/\/creemoi.com\/index.php\/wp-json\/wp\/v2\/users\/1"}],"replies":[{"embeddable":true,"href":"http:\/\/creemoi.com\/index.php\/wp-json\/wp\/v2\/comments?post=13"}],"version-history":[{"count":9,"href":"http:\/\/creemoi.com\/index.php\/wp-json\/wp\/v2\/pages\/13\/revisions"}],"predecessor-version":[{"id":428,"href":"http:\/\/creemoi.com\/index.php\/wp-json\/wp\/v2\/pages\/13\/revisions\/428"}],"wp:attachment":[{"href":"http:\/\/creemoi.com\/index.php\/wp-json\/wp\/v2\/media?parent=13"}],"curies":[{"name":"wp","href":"https:\/\/api.w.org\/{rel}","templated":true}]}}