{"id":51,"date":"2016-09-26T17:20:11","date_gmt":"2016-09-26T15:20:11","guid":{"rendered":"http:\/\/creemoi.com\/?page_id=51"},"modified":"2019-07-23T23:46:02","modified_gmt":"2019-07-23T21:46:02","slug":"partenariat","status":"publish","type":"page","link":"http:\/\/creemoi.com\/index.php\/partenariat\/","title":{"rendered":"Partenariat"},"content":{"rendered":"\n<p style=\"color:#f904a8\" class=\"has-text-color has-background has-very-light-gray-background-color\"><em>Afin de vous proposer un \u00e9ventail plus large de services, Cr\u00e9&amp;moi fait appel \u00e0 son r\u00e9seau de partenaires. Pour tout renseignement compl\u00e9mentaire, contactez Cr\u00e9&amp;moi.<\/em><\/p>\n\n\n\n<p><span style=\"color: #808080;\"><strong><em>Soci\u00e9t\u00e9 Atoutbrod :<\/em><\/strong> broderie, s\u00e9rigraphie, sublimation d&rsquo;objets, flocage, impression num\u00e9rique sur textile, &#8230;<\/span><\/p>\n\n\n\n<div class=\"wp-block-image\"><figure class=\"aligncenter\"><a href=\"http:\/\/www.atoutbrod.com\/\" target=\"_blank\" rel=\"noopener noreferrer\"><img loading=\"lazy\" decoding=\"async\" width=\"300\" height=\"225\" src=\"http:\/\/creemoi.com\/wp-content\/uploads\/2019\/07\/LOGO-ATOUT-BROD-WORDPRESS-300x225.png\" alt=\"\" class=\"wp-image-325\" srcset=\"http:\/\/creemoi.com\/wp-content\/uploads\/2019\/07\/LOGO-ATOUT-BROD-WORDPRESS-300x225.png 300w, http:\/\/creemoi.com\/wp-content\/uploads\/2019\/07\/LOGO-ATOUT-BROD-WORDPRESS-768x576.png 768w, http:\/\/creemoi.com\/wp-content\/uploads\/2019\/07\/LOGO-ATOUT-BROD-WORDPRESS-1024x768.png 1024w, http:\/\/creemoi.com\/wp-content\/uploads\/2019\/07\/LOGO-ATOUT-BROD-WORDPRESS.png 1738w\" sizes=\"auto, (max-width: 300px) 100vw, 300px\" \/><\/a><\/figure><\/div>\n","protected":false},"excerpt":{"rendered":"<p>Afin de vous proposer un \u00e9ventail plus large de services, Cr\u00e9&amp;moi fait appel \u00e0 son&#8230;<\/p>\n<div class=\"more-link-wrapper\"><a class=\"more-link\" href=\"http:\/\/creemoi.com\/index.php\/partenariat\/\">Read the post<span class=\"screen-reader-text\">Partenariat<\/span><\/a><\/div>\n","protected":false},"author":1,"featured_media":0,"parent":0,"menu_order":4,"comment_status":"closed","ping_status":"closed","template":"","meta":{"_acf_changed":false,"footnotes":""},"class_list":["post-51","page","type-page","status-publish","hentry","excerpt","zoom","full-without-featured","even","excerpt-0"],"acf":[],"_links":{"self":[{"href":"http:\/\/creemoi.com\/index.php\/wp-json\/wp\/v2\/pages\/51","targetHints":{"allow":["GET"]}}],"collection":[{"href":"http:\/\/creemoi.com\/index.php\/wp-json\/wp\/v2\/pages"}],"about":[{"href":"http:\/\/creemoi.com\/index.php\/wp-json\/wp\/v2\/types\/page"}],"author":[{"embeddable":true,"href":"http:\/\/creemoi.com\/index.php\/wp-json\/wp\/v2\/users\/1"}],"replies":[{"embeddable":true,"href":"http:\/\/creemoi.com\/index.php\/wp-json\/wp\/v2\/comments?post=51"}],"version-history":[{"count":9,"href":"http:\/\/creemoi.com\/index.php\/wp-json\/wp\/v2\/pages\/51\/revisions"}],"predecessor-version":[{"id":421,"href":"http:\/\/creemoi.com\/index.php\/wp-json\/wp\/v2\/pages\/51\/revisions\/421"}],"wp:attachment":[{"href":"http:\/\/creemoi.com\/index.php\/wp-json\/wp\/v2\/media?parent=51"}],"curies":[{"name":"wp","href":"https:\/\/api.w.org\/{rel}","templated":true}]}}